{"id":105,"date":"2026-04-10T13:44:11","date_gmt":"2026-04-10T16:44:11","guid":{"rendered":"https:\/\/radios-chile.cl\/?page_id=105"},"modified":"2026-04-10T18:17:59","modified_gmt":"2026-04-10T21:17:59","slug":"quienes-somos","status":"publish","type":"page","link":"https:\/\/radios-chile.cl\/index.php\/quienes-somos\/","title":{"rendered":"QUIENES SOMOS"},"content":{"rendered":"\t\t<div data-elementor-type=\"wp-page\" data-elementor-id=\"105\" class=\"elementor elementor-105\" data-elementor-post-type=\"page\">\n\t\t\t\t<div class=\"elementor-element elementor-element-78417d4 e-flex e-con-boxed e-con e-parent\" data-id=\"78417d4\" data-element_type=\"container\" data-e-type=\"container\" data-settings=\"{&quot;background_background&quot;:&quot;classic&quot;}\">\n\t\t\t\t\t<div class=\"e-con-inner\">\n\t\t<div class=\"elementor-element elementor-element-a6cf8b8 e-con-full e-flex e-con e-child\" data-id=\"a6cf8b8\" data-element_type=\"container\" data-e-type=\"container\">\n\t\t<div class=\"elementor-element elementor-element-e9102b2 e-con-full e-flex e-con e-child\" data-id=\"e9102b2\" data-element_type=\"container\" data-e-type=\"container\" data-settings=\"{&quot;background_background&quot;:&quot;classic&quot;}\">\n\t\t\t\t<div class=\"elementor-element elementor-element-f456a73 elementor-widget elementor-widget-text-editor\" data-id=\"f456a73\" data-element_type=\"widget\" data-e-type=\"widget\" data-widget_type=\"text-editor.default\">\n\t\t\t\t\t\t\t\t\t<p>PRESENCIA NACIONAL<\/p>\t\t\t\t\t\t\t\t<\/div>\n\t\t\t\t<\/div>\n\t\t\t\t<div class=\"elementor-element elementor-element-7f4a46e elementor-widget elementor-widget-heading\" data-id=\"7f4a46e\" data-element_type=\"widget\" data-e-type=\"widget\" data-widget_type=\"heading.default\">\n\t\t\t\t\t<h2 class=\"elementor-heading-title elementor-size-default\">LA VOZ QUE CONECTA AL CHILE REAL. <\/h2>\t\t\t\t<\/div>\n\t\t\t\t<div class=\"elementor-element elementor-element-ab2511c elementor-widget elementor-widget-text-editor\" data-id=\"ab2511c\" data-element_type=\"widget\" data-e-type=\"widget\" data-widget_type=\"text-editor.default\">\n\t\t\t\t\t\t\t\t\t<p>Mas que una red emisora, somos el tejido sonoro que une cada rinc\u00f3n de nuestra geograf\u00eda, desde el norte minero hasta el sur austral.<\/p>\t\t\t\t\t\t\t\t<\/div>\n\t\t\t\t<\/div>\n\t\t\t\t\t<\/div>\n\t\t\t\t<\/div>\n\t\t<div class=\"elementor-element elementor-element-25a07a4 e-flex e-con-boxed e-con e-parent\" data-id=\"25a07a4\" data-element_type=\"container\" data-e-type=\"container\">\n\t\t\t\t\t<div class=\"e-con-inner\">\n\t\t<div class=\"elementor-element elementor-element-899cf20 e-con-full e-flex e-con e-child\" data-id=\"899cf20\" data-element_type=\"container\" data-e-type=\"container\">\n\t\t\t\t<div class=\"elementor-element elementor-element-671e0ee elementor-widget elementor-widget-image\" data-id=\"671e0ee\" data-element_type=\"widget\" data-e-type=\"widget\" data-widget_type=\"image.default\">\n\t\t\t\t\t\t\t\t\t\t\t\t\t\t\t<img fetchpriority=\"high\" decoding=\"async\" width=\"800\" height=\"800\" src=\"https:\/\/radios-chile.cl\/wp-content\/uploads\/2026\/04\/25431-1200x1200.jpg\" class=\"attachment-large size-large wp-image-153\" alt=\"\" srcset=\"https:\/\/radios-chile.cl\/wp-content\/uploads\/2026\/04\/25431-1200x1200.jpg 1200w, https:\/\/radios-chile.cl\/wp-content\/uploads\/2026\/04\/25431-500x500.jpg 500w, https:\/\/radios-chile.cl\/wp-content\/uploads\/2026\/04\/25431-300x300.jpg 300w, https:\/\/radios-chile.cl\/wp-content\/uploads\/2026\/04\/25431-768x768.jpg 768w, https:\/\/radios-chile.cl\/wp-content\/uploads\/2026\/04\/25431-1536x1536.jpg 1536w, https:\/\/radios-chile.cl\/wp-content\/uploads\/2026\/04\/25431-2048x2048.jpg 2048w, https:\/\/radios-chile.cl\/wp-content\/uploads\/2026\/04\/elementor\/thumbs\/25431-scaled-rlt8smomg4rxbzvev8o4o5q7bnligkra5n9roprw88.jpg 100w\" sizes=\"(max-width: 800px) 100vw, 800px\" \/>\t\t\t\t\t\t\t\t\t\t\t\t\t\t\t<\/div>\n\t\t\t\t<\/div>\n\t\t<div class=\"elementor-element elementor-element-e4fc930 e-con-full e-flex e-con e-child\" data-id=\"e4fc930\" data-element_type=\"container\" data-e-type=\"container\">\n\t\t\t\t<div class=\"elementor-element elementor-element-c2a8690 elementor-widget elementor-widget-text-editor\" data-id=\"c2a8690\" data-element_type=\"widget\" data-e-type=\"widget\" data-widget_type=\"text-editor.default\">\n\t\t\t\t\t\t\t\t\t<h1>Nuestra Historia: Una Red Nacional\u00a0<\/h1>\t\t\t\t\t\t\t\t<\/div>\n\t\t\t\t<div class=\"elementor-element elementor-element-ae3ece2 elementor-widget elementor-widget-text-editor\" data-id=\"ae3ece2\" data-element_type=\"widget\" data-e-type=\"widget\" data-widget_type=\"text-editor.default\">\n\t\t\t\t\t\t\t\t\t<p>Radios de Chile que naci\u00f3 con la convicci\u00f3n de que la informaci\u00f3n no debe centralizarse. Desde nuestra fundaci\u00f3n, hemos trabajado para consolidar una red que respete la identidad local mientras proyectamos una identidad nacional\u00a0 unificad.<\/p><p>Lo que comenz\u00f3 como un peque\u00f1o grupo de emisoras regionales ha evolucionado hasta convertirse en la red de comunicaci\u00f3n\u00a0 mas extensa del pa\u00eds, integrando tecnolog\u00eda\u00a0 de vanguardia con el calor humano que solo la radio puede ofrecer.\u00a0\u00a0<\/p>\t\t\t\t\t\t\t\t<\/div>\n\t\t<div class=\"elementor-element elementor-element-f6a329e e-con-full e-flex e-con e-child\" data-id=\"f6a329e\" data-element_type=\"container\" data-e-type=\"container\">\n\t\t\t\t<div class=\"elementor-element elementor-element-57ee1d4 elementor-widget elementor-widget-counter\" data-id=\"57ee1d4\" data-element_type=\"widget\" data-e-type=\"widget\" data-widget_type=\"counter.default\">\n\t\t\t\t\t\t\t<div class=\"elementor-counter\">\n\t\t\t<div class=\"elementor-counter-title\">EMISORAS<\/div>\t\t\t<div class=\"elementor-counter-number-wrapper\">\n\t\t\t\t<span class=\"elementor-counter-number-prefix\">+<\/span>\n\t\t\t\t<span class=\"elementor-counter-number\" data-duration=\"2000\" data-to-value=\"250\" data-from-value=\"0\" data-delimiter=\",\">0<\/span>\n\t\t\t\t<span class=\"elementor-counter-number-suffix\"><\/span>\n\t\t\t<\/div>\n\t\t<\/div>\n\t\t\t\t\t\t<\/div>\n\t\t\t\t<div class=\"elementor-element elementor-element-3b90973 elementor-widget elementor-widget-counter\" data-id=\"3b90973\" data-element_type=\"widget\" data-e-type=\"widget\" data-widget_type=\"counter.default\">\n\t\t\t\t\t\t\t<div class=\"elementor-counter\">\n\t\t\t<div class=\"elementor-counter-title\">REGIONES<\/div>\t\t\t<div class=\"elementor-counter-number-wrapper\">\n\t\t\t\t<span class=\"elementor-counter-number-prefix\"><\/span>\n\t\t\t\t<span class=\"elementor-counter-number\" data-duration=\"2000\" data-to-value=\"16\" data-from-value=\"0\" data-delimiter=\",\">0<\/span>\n\t\t\t\t<span class=\"elementor-counter-number-suffix\"><\/span>\n\t\t\t<\/div>\n\t\t<\/div>\n\t\t\t\t\t\t<\/div>\n\t\t\t\t<div class=\"elementor-element elementor-element-1a1858c elementor-widget elementor-widget-counter\" data-id=\"1a1858c\" data-element_type=\"widget\" data-e-type=\"widget\" data-widget_type=\"counter.default\">\n\t\t\t\t\t\t\t<div class=\"elementor-counter\">\n\t\t\t<div class=\"elementor-counter-title\">A\u00d1OS<\/div>\t\t\t<div class=\"elementor-counter-number-wrapper\">\n\t\t\t\t<span class=\"elementor-counter-number-prefix\">+<\/span>\n\t\t\t\t<span class=\"elementor-counter-number\" data-duration=\"2000\" data-to-value=\"30\" data-from-value=\"0\" data-delimiter=\",\">0<\/span>\n\t\t\t\t<span class=\"elementor-counter-number-suffix\"><\/span>\n\t\t\t<\/div>\n\t\t<\/div>\n\t\t\t\t\t\t<\/div>\n\t\t\t\t<\/div>\n\t\t\t\t<\/div>\n\t\t\t\t\t<\/div>\n\t\t\t\t<\/div>\n\t\t<div class=\"elementor-element elementor-element-88ba769 e-flex e-con-boxed e-con e-parent\" data-id=\"88ba769\" data-element_type=\"container\" data-e-type=\"container\">\n\t\t\t\t\t<div class=\"e-con-inner\">\n\t\t<div class=\"elementor-element elementor-element-ec41ddd e-con-full e-flex e-con e-child\" data-id=\"ec41ddd\" data-element_type=\"container\" data-e-type=\"container\">\n\t\t\t\t<div class=\"elementor-element elementor-element-ec32dab elementor-widget elementor-widget-text-editor\" data-id=\"ec32dab\" data-element_type=\"widget\" data-e-type=\"widget\" data-widget_type=\"text-editor.default\">\n\t\t\t\t\t\t\t\t\t<h1>compromiso institucional\u00a0\u00a0<\/h1>\t\t\t\t\t\t\t\t<\/div>\n\t\t\t\t<div class=\"elementor-element elementor-element-8c55809 elementor-widget elementor-widget-text-editor\" data-id=\"8c55809\" data-element_type=\"widget\" data-e-type=\"widget\" data-widget_type=\"text-editor.default\">\n\t\t\t\t\t\t\t\t\t<p>&#8220;La radiodifusi\u00f3n es el alma de la democracia y el espejo de nuestra identidad nacional&#8221;<\/p><p>Mantenemos un vinculo estrecho y estrat\u00e9gico con la<strong> asociaci\u00f3n\u00a0 de radiodifusores de chile (ARCHI). <\/strong>Como socios activos, cumplimos con los est\u00e1ndares \u00e9ticos y t\u00e9cnicos\u00a0<\/p>\t\t\t\t\t\t\t\t<\/div>\n\t\t\t\t<\/div>\n\t\t\t\t<div class=\"elementor-element elementor-element-d140f82 elementor-widget elementor-widget-image\" data-id=\"d140f82\" data-element_type=\"widget\" data-e-type=\"widget\" data-widget_type=\"image.default\">\n\t\t\t\t\t\t\t\t\t\t\t\t\t\t\t<img decoding=\"async\" src=\"https:\/\/radios-chile.cl\/wp-content\/plugins\/elementor\/assets\/images\/placeholder.png\" title=\"\" alt=\"\" loading=\"lazy\" \/>\t\t\t\t\t\t\t\t\t\t\t\t\t\t\t<\/div>\n\t\t\t\t\t<\/div>\n\t\t\t\t<\/div>\n\t\t\t\t<\/div>\n\t\t","protected":false},"excerpt":{"rendered":"<p>PRESENCIA NACIONAL LA VOZ QUE CONECTA AL CHILE REAL. Mas que una red emisora, somos el tejido sonoro que une cada rinc\u00f3n de nuestra geograf\u00eda, desde el norte minero hasta el sur austral. Nuestra Historia: Una Red Nacional\u00a0 Radios de Chile que naci\u00f3 con la convicci\u00f3n de que la informaci\u00f3n no debe centralizarse. Desde nuestra [&hellip;]<\/p>\n","protected":false},"author":1,"featured_media":0,"parent":0,"menu_order":0,"comment_status":"closed","ping_status":"closed","template":"elementor_canvas","meta":{"footnotes":""},"class_list":["post-105","page","type-page","status-publish","hentry"],"_links":{"self":[{"href":"https:\/\/radios-chile.cl\/index.php\/wp-json\/wp\/v2\/pages\/105","targetHints":{"allow":["GET"]}}],"collection":[{"href":"https:\/\/radios-chile.cl\/index.php\/wp-json\/wp\/v2\/pages"}],"about":[{"href":"https:\/\/radios-chile.cl\/index.php\/wp-json\/wp\/v2\/types\/page"}],"author":[{"embeddable":true,"href":"https:\/\/radios-chile.cl\/index.php\/wp-json\/wp\/v2\/users\/1"}],"replies":[{"embeddable":true,"href":"https:\/\/radios-chile.cl\/index.php\/wp-json\/wp\/v2\/comments?post=105"}],"version-history":[{"count":16,"href":"https:\/\/radios-chile.cl\/index.php\/wp-json\/wp\/v2\/pages\/105\/revisions"}],"predecessor-version":[{"id":178,"href":"https:\/\/radios-chile.cl\/index.php\/wp-json\/wp\/v2\/pages\/105\/revisions\/178"}],"wp:attachment":[{"href":"https:\/\/radios-chile.cl\/index.php\/wp-json\/wp\/v2\/media?parent=105"}],"curies":[{"name":"wp","href":"https:\/\/api.w.org\/{rel}","templated":true}]}}